{"id":3211,"date":"2022-05-15T22:07:41","date_gmt":"2022-05-15T22:07:41","guid":{"rendered":"https:\/\/axialkine.com\/inicio\/?page_id=3211"},"modified":"2025-10-07T17:13:15","modified_gmt":"2025-10-07T17:13:15","slug":"quiropraxia","status":"publish","type":"page","link":"https:\/\/axialkine.com\/inicio\/quiropraxia\/","title":{"rendered":"Quiropraxia"},"content":{"rendered":"<div id=\"pl-3211\"  class=\"panel-layout\" ><div id=\"pg-3211-0\"  class=\"panel-grid panel-has-style\" ><div class=\"divider-no-animation tablet-default mobile-default desktop-default custom panel-row-style panel-row-style-for-3211-0\" ><div id=\"pgc-3211-0-0\"  class=\"panel-grid-cell\" ><div id=\"panel-3211-0-0-0\" class=\"so-panel widget widget_orion_heading_w panel-first-child\" data-index=\"0\" ><div class=\"orion custom default panel-widget-style panel-widget-style-for-3211-0-0-0\" ><div\n\t\t\t\n\t\t\tclass=\"so-widget-orion_heading_w so-widget-orion_heading_w-base\"\n\t\t\t\n\t\t> \r\n\t\t\t<div class=\"row orion-heading\" style=\"margin-bottom:0px;\">\r\n\t\t<div class=\"col-md-12   text-left style-h3 style-text-default\">\r\n\t\t\t<h3 class=\"text-default\">\r\n\t\t\t\tQuiropraxia\t\t\t<\/h3>\r\n\t\t<\/div>\r\n\t<\/div>\r\n\r\n\t<\/div><\/div><\/div><div id=\"panel-3211-0-0-1\" class=\"so-panel widget widget_orion_dividers_w\" data-index=\"1\" ><div class=\"orion custom default panel-widget-style panel-widget-style-for-3211-0-0-1\" ><div\n\t\t\t\n\t\t\tclass=\"so-widget-orion_dividers_w so-widget-orion_dividers_w-base\"\n\t\t\t\n\t\t>\t<hr style=\"border-top-width:2px; border-top-color:rgba(36,204,242,1); border-style: solid; width: 100%;  margin-top: 0;\"><\/div><\/div><\/div><div id=\"panel-3211-0-0-2\" class=\"so-panel widget widget_sow-editor\" data-index=\"2\" ><div class=\"orion custom mobile-text-center default panel-widget-style panel-widget-style-for-3211-0-0-2\" ><div\n\t\t\t\n\t\t\tclass=\"so-widget-sow-editor so-widget-sow-editor-base\"\n\t\t\t\n\t\t>\n<div class=\"siteorigin-widget-tinymce textwidget\">\n\t<p>&nbsp;<\/p>\n<h2 style=\"text-align: center;\"><strong>\u00bfC\u00f3mo me ayuda un quiropr\u00e1ctico con mi problema?<\/strong><\/h2>\n<p>&nbsp;<\/p>\n<h6 style=\"text-align: left;\"><span style=\"color: #000000;\">Primero que todo el Quiropr\u00e1ctico realiza una entrevista cl\u00ednica a la persona, para saber el motivo de consulta o dolencia, tiempo de evoluci\u00f3n, posibles causas que lo provocaron, evoluci\u00f3n en el tiempo, y que factores han ido agravando el cuadro.<\/span><\/h6>\n<h6 style=\"text-align: left;\"><span style=\"color: #000000;\">Luego aplica su razonamiento cl\u00ednico para determinar si es un problema que puede ser abordado bajo la quiropr\u00e1ctica, descartando banderas rojas o amarillas, y seg\u00fan eso tomar la decisi\u00f3n de realizar el tratamiento.<\/span><\/h6>\n<h6 style=\"text-align: left;\"><span style=\"color: #000000;\">Una vez dada \"luz verde\" para iniciar la intervenci\u00f3n, se procede a una evaluaci\u00f3n fisica que consiste en una exploraci\u00f3n del funcionamiento, como por ejemplo marcha, estabilidad, movilidad de extremidades, rangos de movimiento, flexibilidad, entre otras. Si se detecta alguna alteraci\u00f3n se dirige la exploraci\u00f3n hacia ese segmento para detectar a trav\u00e9s de pruebas especiales qu\u00e9 es lo que est\u00e1 ocurriendo.<\/span><\/h6>\n<p>&nbsp;<\/p>\n<p>&nbsp;<\/p>\n<p style=\"text-align: center;\"><a class=\"btn btn-md btn-flat btn-c1 \" href=\"https:\/\/api.whatsapp.com\/send?phone=56999151507&amp;text=Hola,%20Escribo%20para%20Solicitar%20Evaluaci\u00f3n%20y%20saber%20un%20poco%20mas%20del%20proceso\">Reservar Hora<\/a><\/p>\n<p style=\"text-align: center;\">\n<\/div>\n<\/div><\/div><\/div><div id=\"panel-3211-0-0-3\" class=\"so-panel widget widget_orion_simple_gallery\" data-index=\"3\" ><div class=\"orion custom default panel-widget-style panel-widget-style-for-3211-0-0-3\" ><div\n\t\t\t\n\t\t\tclass=\"so-widget-orion_simple_gallery so-widget-orion_simple_gallery-base\"\n\t\t\t\n\t\t><div class=\"row orion-simple-gallery grid\">\r\n\r\n\r\n\t<div class=\"wrapper\">\t\r\n\t\t\t\t\t\t\t\t\t\t\t\t\t<div class=\"col-lg-6 col-md-6 col-sm-6 col-xs-12\">\r\n\t\t\t\t<div class=\"image-w relative\">\r\n\r\n\t\t\t\t\t\t\t\t\t\t\t\t\t<div class=\" overlay-none overlay-hover-none scale-none\">\r\n\t\t\t\t\t\t\t\t\t\t\t\t\t\r\n\t\t\t\t\t\t\t\t\t\t\t\t\t<img loading=\"lazy\" decoding=\"async\" width=\"750\" height=\"500\" src=\"https:\/\/axialkine.com\/inicio\/wp-content\/uploads\/2025\/10\/20250911_173716-1-scaled-e1759793231973-750x500.jpg\" class=\"attachment-orion_carousel size-orion_carousel\" alt=\"\" \/>\t\t\t\t\t\t\t<div class=\"overlay\"><\/div>\r\n\t\t\t\t\t\t\r\n\t\t\t\t\t\t\t\t\t\t\t\t\t<\/div>\r\n\t\t\t\t\t\t\t\r\n\t\t\t\t\t\r\n\t\t\t\t\t<div class=\"absolute\">\r\n\t\t\t\t\t\t\r\n\t\t\t\t\t<\/div>\t\t\t\t\t\r\n\t\t\t\t<\/div>\r\n\t\t\t<\/div>\r\n\t\t\t\t\t\t\t\t<div class=\"col-lg-6 col-md-6 col-sm-6 col-xs-12\">\r\n\t\t\t\t<div class=\"image-w relative\">\r\n\r\n\t\t\t\t\t\t\t\t\t\t\t\t\t<div class=\" overlay-none overlay-hover-none scale-none\">\r\n\t\t\t\t\t\t\t\t\t\t\t\t\t\r\n\t\t\t\t\t\t\t\t\t\t\t\t\t<img loading=\"lazy\" decoding=\"async\" width=\"750\" height=\"500\" src=\"https:\/\/axialkine.com\/inicio\/wp-content\/uploads\/2025\/10\/20250911_173836-1-scaled-e1759793295772-750x500.jpg\" class=\"attachment-orion_carousel size-orion_carousel\" alt=\"\" \/>\t\t\t\t\t\t\t<div class=\"overlay\"><\/div>\r\n\t\t\t\t\t\t\r\n\t\t\t\t\t\t\t\t\t\t\t\t\t<\/div>\r\n\t\t\t\t\t\t\t\r\n\t\t\t\t\t\r\n\t\t\t\t\t<div class=\"absolute\">\r\n\t\t\t\t\t\t\r\n\t\t\t\t\t<\/div>\t\t\t\t\t\r\n\t\t\t\t<\/div>\r\n\t\t\t<\/div>\r\n\t\t\t\t\r\n\t\t\r\n\t<\/div>\r\n<\/div><\/div><\/div><\/div><div id=\"panel-3211-0-0-4\" class=\"so-panel widget widget_sow-editor panel-last-child\" data-index=\"4\" ><div class=\"orion custom mobile-text-center default panel-widget-style panel-widget-style-for-3211-0-0-4\" ><div\n\t\t\t\n\t\t\tclass=\"so-widget-sow-editor so-widget-sow-editor-base\"\n\t\t\t\n\t\t>\n<div class=\"siteorigin-widget-tinymce textwidget\">\n\t<p>&nbsp;<\/p>\n<h2 style=\"text-align: center;\"><strong>\u00bfQu\u00e9 t\u00e9cnicas utiliza el Quiropr\u00e1ctico?<\/strong><\/h2>\n<h6><span style=\"color: #000000;\">Luego se procede a la preparaci\u00f3n del ajuste quiropr\u00e1ctico, en donde lo m\u00e1s importante es el posicionamiento correcto y confortable del paciente, donde en todo momento se le va explicando en que consiste cada maniobra y si se siente c\u00f3modo. Los ajustes bien realizados NO DEBEN DOLER, incluso se deber\u00eda sentir un efecto inmediato despu\u00e9s de la o las maniobras.<\/span><\/h6>\n<p>&nbsp;<\/p>\n<h2 style=\"text-align: center;\"><strong>Qu\u00e9 beneficios se puede lograr con la Quiropr\u00e1ctica?<\/strong><\/h2>\n<h6><span style=\"color: #000000;\">El quiropr\u00e1ctico mejorar\u00e1 notablemente tu calidad de vida ya que te ayudar\u00e1 a:<\/span><\/h6>\n<ul>\n<li>\n<h6><span style=\"color: #000000;\">\u00a0Disminuir dolores f\u00edsicos.<\/span><\/h6>\n<\/li>\n<li>\n<h6><span style=\"color: #000000;\">\u00a0Mejora la activaci\u00f3n muscular.<\/span><\/h6>\n<\/li>\n<li>\n<h6><span style=\"color: #000000;\">\u00a0Aumenta el rendimiento f\u00edsico.<\/span><\/h6>\n<\/li>\n<li>\n<h6><span style=\"color: #000000;\">\u00a0Ayuda a disminuir el estr\u00e9s.<\/span><\/h6>\n<\/li>\n<li>\n<h6><span style=\"color: #000000;\">\u00a0Te gu\u00eda a una vida m\u00e1s activa.<\/span><\/h6>\n<\/li>\n<li>\n<h6><span style=\"color: #000000;\">\u00a0Te ense\u00f1a t\u00e9cnicas de autocuidado.<\/span><\/h6>\n<\/li>\n<\/ul>\n<p style=\"text-align: center;\">\n<\/div>\n<\/div><\/div><\/div><\/div><\/div><\/div><div id=\"pg-3211-1\"  class=\"panel-grid panel-has-style\" ><div class=\"divider-no-animation tablet-default mobile-default desktop-default custom panel-row-style panel-row-style-for-3211-1\" ><div id=\"pgc-3211-1-0\"  class=\"panel-grid-cell\" ><div id=\"panel-3211-1-0-0\" class=\"so-panel widget widget_orion_simple_gallery panel-first-child panel-last-child\" data-index=\"5\" ><div class=\"orion custom default panel-widget-style panel-widget-style-for-3211-1-0-0\" ><div\n\t\t\t\n\t\t\tclass=\"so-widget-orion_simple_gallery so-widget-orion_simple_gallery-base\"\n\t\t\t\n\t\t><div class=\"row orion-simple-gallery grid\">\r\n\r\n\r\n\t<div class=\"wrapper\">\t\r\n\t\t\t\t\t\t\t\t\t\t\t\t\t<div class=\"col-lg-6 col-md-6 col-sm-6 col-xs-12\">\r\n\t\t\t\t<div class=\"image-w relative\">\r\n\r\n\t\t\t\t\t\t\t\t\t\t\t\t\t<div class=\" overlay-none overlay-hover-none scale-none\">\r\n\t\t\t\t\t\t\t\t\t\t\t\t\t\r\n\t\t\t\t\t\t\t\t\t\t\t\t\t<img loading=\"lazy\" decoding=\"async\" width=\"750\" height=\"500\" src=\"https:\/\/axialkine.com\/inicio\/wp-content\/uploads\/2025\/10\/20250911_173836-scaled-e1759445606862-750x500.jpg\" class=\"attachment-orion_carousel size-orion_carousel\" alt=\"\" \/>\t\t\t\t\t\t\t<div class=\"overlay\"><\/div>\r\n\t\t\t\t\t\t\r\n\t\t\t\t\t\t\t\t\t\t\t\t\t<\/div>\r\n\t\t\t\t\t\t\t\r\n\t\t\t\t\t\r\n\t\t\t\t\t<div class=\"absolute\">\r\n\t\t\t\t\t\t\r\n\t\t\t\t\t<\/div>\t\t\t\t\t\r\n\t\t\t\t<\/div>\r\n\t\t\t<\/div>\r\n\t\t\t\t\t\t\t\t<div class=\"col-lg-6 col-md-6 col-sm-6 col-xs-12\">\r\n\t\t\t\t<div class=\"image-w relative\">\r\n\r\n\t\t\t\t\t\t\t\t\t\t\t\t\t<div class=\" overlay-none overlay-hover-none scale-none\">\r\n\t\t\t\t\t\t\t\t\t\t\t\t\t\r\n\t\t\t\t\t\t\t\t\t\t\t\t\t<img loading=\"lazy\" decoding=\"async\" width=\"750\" height=\"500\" src=\"https:\/\/axialkine.com\/inicio\/wp-content\/uploads\/2025\/10\/20250911_173625-scaled-e1759445641347-750x500.jpg\" class=\"attachment-orion_carousel size-orion_carousel\" alt=\"\" \/>\t\t\t\t\t\t\t<div class=\"overlay\"><\/div>\r\n\t\t\t\t\t\t\r\n\t\t\t\t\t\t\t\t\t\t\t\t\t<\/div>\r\n\t\t\t\t\t\t\t\r\n\t\t\t\t\t\r\n\t\t\t\t\t<div class=\"absolute\">\r\n\t\t\t\t\t\t\r\n\t\t\t\t\t<\/div>\t\t\t\t\t\r\n\t\t\t\t<\/div>\r\n\t\t\t<\/div>\r\n\t\t\t\t\t\t\t\t<div class=\"col-lg-6 col-md-6 col-sm-6 col-xs-12\">\r\n\t\t\t\t<div class=\"image-w relative\">\r\n\r\n\t\t\t\t\t\t\t\t\t\t\t\t\t<div class=\" overlay-none overlay-hover-none scale-none\">\r\n\t\t\t\t\t\t\t\t\t\t\t\t\t\r\n\t\t\t\t\t\t\t\t\t\t\t\t\t<img loading=\"lazy\" decoding=\"async\" width=\"750\" height=\"500\" src=\"https:\/\/axialkine.com\/inicio\/wp-content\/uploads\/2025\/10\/20250911_173600-scaled-e1759445657260-750x500.jpg\" class=\"attachment-orion_carousel size-orion_carousel\" alt=\"\" \/>\t\t\t\t\t\t\t<div class=\"overlay\"><\/div>\r\n\t\t\t\t\t\t\r\n\t\t\t\t\t\t\t\t\t\t\t\t\t<\/div>\r\n\t\t\t\t\t\t\t\r\n\t\t\t\t\t\r\n\t\t\t\t\t<div class=\"absolute\">\r\n\t\t\t\t\t\t\r\n\t\t\t\t\t<\/div>\t\t\t\t\t\r\n\t\t\t\t<\/div>\r\n\t\t\t<\/div>\r\n\t\t\t\t\t\t\t\t<div class=\"col-lg-6 col-md-6 col-sm-6 col-xs-12\">\r\n\t\t\t\t<div class=\"image-w relative\">\r\n\r\n\t\t\t\t\t\t\t\t\t\t\t\t\t<div class=\" overlay-none overlay-hover-none scale-none\">\r\n\t\t\t\t\t\t\t\t\t\t\t\t\t\r\n\t\t\t\t\t\t\t\t\t\t\t\t\t<img loading=\"lazy\" decoding=\"async\" width=\"750\" height=\"500\" src=\"https:\/\/axialkine.com\/inicio\/wp-content\/uploads\/2025\/10\/20250911_172555-scaled-e1759446160341-750x500.jpg\" class=\"attachment-orion_carousel size-orion_carousel\" alt=\"\" \/>\t\t\t\t\t\t\t<div class=\"overlay\"><\/div>\r\n\t\t\t\t\t\t\r\n\t\t\t\t\t\t\t\t\t\t\t\t\t<\/div>\r\n\t\t\t\t\t\t\t\r\n\t\t\t\t\t\r\n\t\t\t\t\t<div class=\"absolute\">\r\n\t\t\t\t\t\t\r\n\t\t\t\t\t<\/div>\t\t\t\t\t\r\n\t\t\t\t<\/div>\r\n\t\t\t<\/div>\r\n\t\t\t\t\r\n\t\t\r\n\t<\/div>\r\n<\/div><\/div><\/div><\/div><\/div><\/div><\/div><\/div>","protected":false},"excerpt":{"rendered":"<p>&nbsp; \u00bfC\u00f3mo me ayuda un quiropr\u00e1ctico con mi problema? &nbsp; Primero que todo el Quiropr\u00e1ctico realiza una entrevista cl\u00ednica a la persona, para saber el motivo de consulta o dolencia, tiempo de evoluci\u00f3n, posibles causas que lo provocaron, evoluci\u00f3n en el tiempo, y que factores han ido agravando el cuadro. Luego aplica su razonamiento cl\u00ednico<\/p>\n","protected":false},"author":1,"featured_media":0,"parent":0,"menu_order":0,"comment_status":"closed","ping_status":"closed","template":"","meta":{"footnotes":""},"class_list":["post-3211","page","type-page","status-publish","hentry"],"_links":{"self":[{"href":"https:\/\/axialkine.com\/inicio\/wp-json\/wp\/v2\/pages\/3211","targetHints":{"allow":["GET"]}}],"collection":[{"href":"https:\/\/axialkine.com\/inicio\/wp-json\/wp\/v2\/pages"}],"about":[{"href":"https:\/\/axialkine.com\/inicio\/wp-json\/wp\/v2\/types\/page"}],"author":[{"embeddable":true,"href":"https:\/\/axialkine.com\/inicio\/wp-json\/wp\/v2\/users\/1"}],"replies":[{"embeddable":true,"href":"https:\/\/axialkine.com\/inicio\/wp-json\/wp\/v2\/comments?post=3211"}],"version-history":[{"count":20,"href":"https:\/\/axialkine.com\/inicio\/wp-json\/wp\/v2\/pages\/3211\/revisions"}],"predecessor-version":[{"id":3440,"href":"https:\/\/axialkine.com\/inicio\/wp-json\/wp\/v2\/pages\/3211\/revisions\/3440"}],"wp:attachment":[{"href":"https:\/\/axialkine.com\/inicio\/wp-json\/wp\/v2\/media?parent=3211"}],"curies":[{"name":"wp","href":"https:\/\/api.w.org\/{rel}","templated":true}]}}