{"id":3287,"date":"2025-10-02T21:55:24","date_gmt":"2025-10-02T21:55:24","guid":{"rendered":"https:\/\/axialkine.com\/inicio\/?page_id=3287"},"modified":"2025-10-07T17:12:14","modified_gmt":"2025-10-07T17:12:14","slug":"traumatologia-2","status":"publish","type":"page","link":"https:\/\/axialkine.com\/inicio\/traumatologia-2\/","title":{"rendered":"Traumatologia"},"content":{"rendered":"<div id=\"pl-3287\"  class=\"panel-layout\" ><div id=\"pg-3287-0\"  class=\"panel-grid panel-has-style\" ><div class=\"divider-no-animation tablet-default mobile-default desktop-default custom panel-row-style panel-row-style-for-3287-0\" ><div id=\"pgc-3287-0-0\"  class=\"panel-grid-cell\" ><div id=\"panel-3287-0-0-0\" class=\"so-panel widget widget_orion_heading_w panel-first-child\" data-index=\"0\" ><div class=\"orion custom default panel-widget-style panel-widget-style-for-3287-0-0-0\" ><div\n\t\t\t\n\t\t\tclass=\"so-widget-orion_heading_w so-widget-orion_heading_w-base\"\n\t\t\t\n\t\t> \r\n\t<\/div><\/div><\/div><div id=\"panel-3287-0-0-1\" class=\"so-panel widget widget_sow-editor panel-last-child\" data-index=\"1\" ><div class=\"orion custom mobile-text-center default panel-widget-style panel-widget-style-for-3287-0-0-1\" ><div\n\t\t\t\n\t\t\tclass=\"so-widget-sow-editor so-widget-sow-editor-base\"\n\t\t\t\n\t\t>\n<div class=\"siteorigin-widget-tinymce textwidget\">\n\t<h3 style=\"text-align: center;\"><b>TRAUMATOLOG\u00cdA Y ORTOPEDIA ADULTOS<\/b><\/h3>\n<h6><\/h6>\n<h6 style=\"text-align: left;\"><span style=\"font-weight: 400; color: #000000;\">Es la especialidad m\u00e9dico quir\u00fargica que se enfoca en el diagn\u00f3stico, tratamiento y prevenci\u00f3n de lesiones y enfermedades del sistema musculoesquel\u00e9tico, que incluye huesos, articulaciones, m\u00fasculos, tendones y ligamentos.\u00a0<\/span><\/h6>\n<h6 style=\"text-align: left;\"><span style=\"font-weight: 400; color: #000000;\">Se dedica a reparar y mejorar la funcionalidad de estas estructuras a trav\u00e9s de farmacolog\u00eda, m\u00e9todos invasivos y cirug\u00edas, para restaurar la salud del cuerpo despu\u00e9s de un trauma.<\/span><\/h6>\n<h6 style=\"text-align: left;\"><span style=\"font-weight: 400; color: #000000;\">Un traumat\u00f3logo realiza pruebas diagn\u00f3sticas, determina el tratamiento m\u00e1s adecuado y se encarga del seguimiento para lograr la recuperaci\u00f3n funcional del paciente. Con frecuencia, trabaja en conjunto con la Ortopedia para ofrecer soluciones integrales a problemas musculoesquel\u00e9ticos, desde cirug\u00edas m\u00ednimamente invasivas hasta medicina regenerativa y rehabilitaci\u00f3n<\/span><\/h6>\n<h6 style=\"text-align: left;\"><span style=\"font-weight: 400; color: #000000;\">Se revisan ex\u00e1menes (si tiene) y pueden solicitarse nuevos estudios (de ser necesario).\u00a0<\/span><\/h6>\n<h6 style=\"text-align: left;\"><span style=\"font-weight: 400; color: #000000;\">Esta especialidad se encarga de lesiones traum\u00e1ticas como fracturas, esguinces, luxaciones y contusiones.\u00a0 Tambi\u00e9n trata enfermedades del aparato locomotor que incluyen desde afecciones cong\u00e9nitas y del desarrollo hasta degenerativas como la artrosis.\u00a0<\/span><\/h6>\n<h6 style=\"text-align: center;\"><span style=\"color: #000000;\"><strong>Servicio con atenci\u00f3n solamente para adultos.<\/strong><\/span><\/h6>\n<p>&nbsp;<\/p>\n<p>&nbsp;<\/p>\n<h2 style=\"text-align: center;\"><br style=\"font-weight: 400;\" \/><br style=\"font-weight: 400;\" \/><\/h2>\n<p style=\"text-align: center;\">\n<\/div>\n<\/div><\/div><\/div><\/div><\/div><\/div><div id=\"pg-3287-1\"  class=\"panel-grid panel-has-style\" ><div class=\"divider-no-animation tablet-default mobile-default desktop-default custom panel-row-style panel-row-style-for-3287-1\" ><div id=\"pgc-3287-1-0\"  class=\"panel-grid-cell\" ><div id=\"panel-3287-1-0-0\" class=\"so-panel widget widget_sow-image panel-first-child panel-last-child\" data-index=\"2\" ><div class=\"orion custom default panel-widget-style panel-widget-style-for-3287-1-0-0\" ><div\n\t\t\t\n\t\t\tclass=\"so-widget-sow-image so-widget-sow-image-default-8b5b6f678277-3287\"\n\t\t\t\n\t\t>\n<div class=\"sow-image-container\">\n\t\t<img \n\tsrc=\"https:\/\/axialkine.com\/inicio\/wp-content\/uploads\/2025\/10\/20250911_180631-555x740.jpg\" width=\"555\" height=\"740\" sizes=\"(max-width: 555px) 100vw, 555px\" title=\"20250911_180631\" alt=\"\" \t\tclass=\"so-widget-image\"\/>\n\t<\/div>\n\n<\/div><\/div><\/div><\/div><div id=\"pgc-3287-1-1\"  class=\"panel-grid-cell\" ><div id=\"panel-3287-1-1-0\" class=\"so-panel widget widget_sow-image panel-first-child panel-last-child\" data-index=\"3\" ><div class=\"orion custom default panel-widget-style panel-widget-style-for-3287-1-1-0\" ><div\n\t\t\t\n\t\t\tclass=\"so-widget-sow-image so-widget-sow-image-default-8b5b6f678277-3287\"\n\t\t\t\n\t\t>\n<div class=\"sow-image-container\">\n\t\t<img \n\tsrc=\"https:\/\/axialkine.com\/inicio\/wp-content\/uploads\/2025\/10\/20250911_184548-555x740.jpg\" width=\"555\" height=\"740\" sizes=\"(max-width: 555px) 100vw, 555px\" title=\"20250911_184548\" alt=\"\" \t\tclass=\"so-widget-image\"\/>\n\t<\/div>\n\n<\/div><\/div><\/div><\/div><\/div><\/div><\/div>","protected":false},"excerpt":{"rendered":"<p>TRAUMATOLOG\u00cdA Y ORTOPEDIA ADULTOS Es la especialidad m\u00e9dico quir\u00fargica que se enfoca en el diagn\u00f3stico, tratamiento y prevenci\u00f3n de lesiones y enfermedades del sistema musculoesquel\u00e9tico, que incluye huesos, articulaciones, m\u00fasculos, tendones y ligamentos.\u00a0 Se dedica a reparar y mejorar la funcionalidad de estas estructuras a trav\u00e9s de farmacolog\u00eda, m\u00e9todos invasivos y cirug\u00edas, para restaurar la<\/p>\n","protected":false},"author":1,"featured_media":0,"parent":0,"menu_order":0,"comment_status":"closed","ping_status":"closed","template":"","meta":{"footnotes":""},"class_list":["post-3287","page","type-page","status-publish","hentry"],"_links":{"self":[{"href":"https:\/\/axialkine.com\/inicio\/wp-json\/wp\/v2\/pages\/3287","targetHints":{"allow":["GET"]}}],"collection":[{"href":"https:\/\/axialkine.com\/inicio\/wp-json\/wp\/v2\/pages"}],"about":[{"href":"https:\/\/axialkine.com\/inicio\/wp-json\/wp\/v2\/types\/page"}],"author":[{"embeddable":true,"href":"https:\/\/axialkine.com\/inicio\/wp-json\/wp\/v2\/users\/1"}],"replies":[{"embeddable":true,"href":"https:\/\/axialkine.com\/inicio\/wp-json\/wp\/v2\/comments?post=3287"}],"version-history":[{"count":8,"href":"https:\/\/axialkine.com\/inicio\/wp-json\/wp\/v2\/pages\/3287\/revisions"}],"predecessor-version":[{"id":3439,"href":"https:\/\/axialkine.com\/inicio\/wp-json\/wp\/v2\/pages\/3287\/revisions\/3439"}],"wp:attachment":[{"href":"https:\/\/axialkine.com\/inicio\/wp-json\/wp\/v2\/media?parent=3287"}],"curies":[{"name":"wp","href":"https:\/\/api.w.org\/{rel}","templated":true}]}}