{"id":3296,"date":"2025-10-02T22:10:39","date_gmt":"2025-10-02T22:10:39","guid":{"rendered":"https:\/\/axialkine.com\/inicio\/?page_id=3296"},"modified":"2025-10-07T17:27:34","modified_gmt":"2025-10-07T17:27:34","slug":"masajes","status":"publish","type":"page","link":"https:\/\/axialkine.com\/inicio\/masajes\/","title":{"rendered":"Masajes"},"content":{"rendered":"<div id=\"pl-3296\"  class=\"panel-layout\" ><div id=\"pg-3296-0\"  class=\"panel-grid panel-has-style\" ><div class=\"divider-no-animation tablet-default mobile-default desktop-default custom panel-row-style panel-row-style-for-3296-0\" ><div id=\"pgc-3296-0-0\"  class=\"panel-grid-cell panel-grid-cell-empty\" ><\/div><\/div><\/div><div id=\"pg-3296-1\"  class=\"panel-grid panel-has-style\" ><div class=\"divider-no-animation tablet-default mobile-default desktop-default custom panel-row-style panel-row-style-for-3296-1\" ><div id=\"pgc-3296-1-0\"  class=\"panel-grid-cell\" ><div id=\"panel-3296-1-0-0\" class=\"so-panel widget widget_orion_heading_w panel-first-child\" data-index=\"0\" ><div class=\"orion custom default panel-widget-style panel-widget-style-for-3296-1-0-0\" ><div\n\t\t\t\n\t\t\tclass=\"so-widget-orion_heading_w so-widget-orion_heading_w-base\"\n\t\t\t\n\t\t> \r\n\t\t\t<div class=\"row orion-heading\" style=\"margin-bottom:0px;\">\r\n\t\t<div class=\"col-md-12   text-left style-h2 style-text-default\">\r\n\t\t\t<h2 class=\"text-default\">\r\n\t\t\t\tMasoterapia\t\t\t<\/h2>\r\n\t\t<\/div>\r\n\t<\/div>\r\n\r\n\t<\/div><\/div><\/div><div id=\"panel-3296-1-0-1\" class=\"so-panel widget widget_orion_dividers_w\" data-index=\"1\" ><div class=\"orion custom default panel-widget-style panel-widget-style-for-3296-1-0-1\" ><div\n\t\t\t\n\t\t\tclass=\"so-widget-orion_dividers_w so-widget-orion_dividers_w-base\"\n\t\t\t\n\t\t>\t<hr style=\"border-top-width:2px; border-top-color:rgba(36,204,242,1); border-style: solid; width: 100%;  margin-top: 0;\"><\/div><\/div><\/div><div id=\"panel-3296-1-0-2\" class=\"so-panel widget widget_orion_empty_space_w\" data-index=\"2\" ><div class=\"orion custom default panel-widget-style panel-widget-style-for-3296-1-0-2\" ><div\n\t\t\t\n\t\t\tclass=\"so-widget-orion_empty_space_w so-widget-orion_empty_space_w-base\"\n\t\t\t\n\t\t>\t<div class=\"row empty-space visible-lg visible-md visible-sm visible-xs\" style=\"height:50px;\">\r\n\t<\/div><\/div><\/div><\/div><div id=\"panel-3296-1-0-3\" class=\"so-panel widget widget_sow-editor panel-last-child\" data-index=\"3\" ><div class=\"orion custom default panel-widget-style panel-widget-style-for-3296-1-0-3\" ><div\n\t\t\t\n\t\t\tclass=\"so-widget-sow-editor so-widget-sow-editor-base\"\n\t\t\t\n\t\t>\n<div class=\"siteorigin-widget-tinymce textwidget\">\n\t<div class=\"btClear btSeparator bottomExtraSmallSpaced noBorder\">\n<h6><span style=\"font-weight: 400;\">La masoterapia consiste en la combinaci\u00f3n de distintas maniobras y t\u00e9cnicas de masaje que utilizan presiones, fricci\u00f3n, manipulaci\u00f3n y movimientos sobre la piel y tejidos blandos del cuerpo para dar alivio al dolor muscular, ayudar en la recuperaci\u00f3n deportiva, tratar lesiones,\u00a0 restaurar la funci\u00f3n muscular, mejorar la circulaci\u00f3n, promover la relajaci\u00f3n y calma de la ansiedad.<\/span><\/h6>\n<h6><span style=\"font-weight: 400;\">Primero que todo evaluamos el motivo de consulta del paciente, los signos y s\u00edntomas qu\u00e9 presenta y el historial m\u00e9dico que pueda estar asociado a su problema actual.<\/span><\/h6>\n<h6><span style=\"font-weight: 400;\">Una vez hecho el diagn\u00f3stico del paciente ya podemos generar un principio de tratamiento que va a variar seg\u00fan la necesidad de cada persona.\u00a0<\/span><\/h6>\n<h6><span style=\"font-weight: 400;\">Aqu\u00ed podemos utilizar herramientas y t\u00e9cnicas para masaje relajante, descontracturante o masoterapia.<\/span><\/h6>\n<h6 class=\"font_2\"><br style=\"font-weight: 400;\" \/><br style=\"font-weight: 400;\" \/><\/h6>\n<\/div>\n<\/div>\n<\/div><\/div><\/div><\/div><div id=\"pgc-3296-1-1\"  class=\"panel-grid-cell\" ><div id=\"panel-3296-1-1-0\" class=\"so-panel widget widget_orion_empty_space_w panel-first-child\" data-index=\"4\" ><div class=\"orion custom default panel-widget-style panel-widget-style-for-3296-1-1-0\" ><div\n\t\t\t\n\t\t\tclass=\"so-widget-orion_empty_space_w so-widget-orion_empty_space_w-base\"\n\t\t\t\n\t\t>\t<div class=\"row empty-space visible-lg visible-md visible-sm visible-xs\" style=\"height:122px;\">\r\n\t<\/div><\/div><\/div><\/div><div id=\"panel-3296-1-1-1\" class=\"so-panel widget widget_sow-image panel-last-child\" data-index=\"5\" ><div class=\"orion custom default panel-widget-style panel-widget-style-for-3296-1-1-1\" ><div\n\t\t\t\n\t\t\tclass=\"so-widget-sow-image so-widget-sow-image-default-8b5b6f678277-3296\"\n\t\t\t\n\t\t>\n<div class=\"sow-image-container\">\n\t\t<img \n\tsrc=\"https:\/\/axialkine.com\/inicio\/wp-content\/uploads\/2020\/11\/shutterstock_458346172.jpg\" width=\"940\" height=\"940\" srcset=\"https:\/\/axialkine.com\/inicio\/wp-content\/uploads\/2020\/11\/shutterstock_458346172.jpg 940w, https:\/\/axialkine.com\/inicio\/wp-content\/uploads\/2020\/11\/shutterstock_458346172-300x300.jpg 300w, https:\/\/axialkine.com\/inicio\/wp-content\/uploads\/2020\/11\/shutterstock_458346172-150x150.jpg 150w, https:\/\/axialkine.com\/inicio\/wp-content\/uploads\/2020\/11\/shutterstock_458346172-768x768.jpg 768w, https:\/\/axialkine.com\/inicio\/wp-content\/uploads\/2020\/11\/shutterstock_458346172-750x750.jpg 750w\" sizes=\"(max-width: 940px) 100vw, 940px\" title=\"Mesoterapia\" alt=\"\" \t\tclass=\"so-widget-image\"\/>\n\t<\/div>\n\n<\/div><\/div><\/div><\/div><\/div><\/div><div id=\"pg-3296-2\"  class=\"panel-grid panel-has-style\" ><div class=\"divider-no-animation tablet-default mobile-default desktop-default custom panel-row-style panel-row-style-for-3296-2\" ><div id=\"pgc-3296-2-0\"  class=\"panel-grid-cell panel-grid-cell-empty panel-grid-cell-mobile-last\" ><\/div><div id=\"pgc-3296-2-1\"  class=\"panel-grid-cell panel-grid-cell-empty\" ><\/div><\/div><\/div><\/div>","protected":false},"excerpt":{"rendered":"<p>La masoterapia consiste en la combinaci\u00f3n de distintas maniobras y t\u00e9cnicas de masaje que utilizan presiones, fricci\u00f3n, manipulaci\u00f3n y movimientos sobre la piel y tejidos blandos del cuerpo para dar alivio al dolor muscular, ayudar en la recuperaci\u00f3n deportiva, tratar lesiones,\u00a0 restaurar la funci\u00f3n muscular, mejorar la circulaci\u00f3n, promover la relajaci\u00f3n y calma de la<\/p>\n","protected":false},"author":1,"featured_media":0,"parent":0,"menu_order":0,"comment_status":"closed","ping_status":"closed","template":"","meta":{"footnotes":""},"class_list":["post-3296","page","type-page","status-publish","hentry"],"_links":{"self":[{"href":"https:\/\/axialkine.com\/inicio\/wp-json\/wp\/v2\/pages\/3296","targetHints":{"allow":["GET"]}}],"collection":[{"href":"https:\/\/axialkine.com\/inicio\/wp-json\/wp\/v2\/pages"}],"about":[{"href":"https:\/\/axialkine.com\/inicio\/wp-json\/wp\/v2\/types\/page"}],"author":[{"embeddable":true,"href":"https:\/\/axialkine.com\/inicio\/wp-json\/wp\/v2\/users\/1"}],"replies":[{"embeddable":true,"href":"https:\/\/axialkine.com\/inicio\/wp-json\/wp\/v2\/comments?post=3296"}],"version-history":[{"count":7,"href":"https:\/\/axialkine.com\/inicio\/wp-json\/wp\/v2\/pages\/3296\/revisions"}],"predecessor-version":[{"id":3442,"href":"https:\/\/axialkine.com\/inicio\/wp-json\/wp\/v2\/pages\/3296\/revisions\/3442"}],"wp:attachment":[{"href":"https:\/\/axialkine.com\/inicio\/wp-json\/wp\/v2\/media?parent=3296"}],"curies":[{"name":"wp","href":"https:\/\/api.w.org\/{rel}","templated":true}]}}