{"id":3342,"date":"2025-10-03T01:03:56","date_gmt":"2025-10-03T01:03:56","guid":{"rendered":"https:\/\/axialkine.com\/inicio\/?page_id=3342"},"modified":"2025-10-07T17:28:55","modified_gmt":"2025-10-07T17:28:55","slug":"nutricion","status":"publish","type":"page","link":"https:\/\/axialkine.com\/inicio\/nutricion\/","title":{"rendered":"Nutrici\u00f3n"},"content":{"rendered":"<div id=\"pl-3342\"  class=\"panel-layout\" ><div id=\"pg-3342-0\"  class=\"panel-grid panel-has-style\" ><div class=\"divider-no-animation tablet-default mobile-default desktop-default custom panel-row-style panel-row-style-for-3342-0\" ><div id=\"pgc-3342-0-0\"  class=\"panel-grid-cell\" ><div id=\"panel-3342-0-0-0\" class=\"so-panel widget widget_orion_heading_w panel-first-child\" data-index=\"0\" ><div class=\"orion custom default panel-widget-style panel-widget-style-for-3342-0-0-0\" ><div\n\t\t\t\n\t\t\tclass=\"so-widget-orion_heading_w so-widget-orion_heading_w-base\"\n\t\t\t\n\t\t> \r\n\t\t\t<div class=\"row orion-heading\" style=\"margin-bottom:0px;\">\r\n\t\t<div class=\"col-md-12   text-left style-h2 style-text-default\">\r\n\t\t\t<h2 class=\"text-default\">\r\n\t\t\t\tNutrici\u00f3n\t\t\t<\/h2>\r\n\t\t<\/div>\r\n\t<\/div>\r\n\r\n\t<\/div><\/div><\/div><div id=\"panel-3342-0-0-1\" class=\"so-panel widget widget_orion_dividers_w panel-last-child\" data-index=\"1\" ><div class=\"orion custom default panel-widget-style panel-widget-style-for-3342-0-0-1\" ><div\n\t\t\t\n\t\t\tclass=\"so-widget-orion_dividers_w so-widget-orion_dividers_w-base\"\n\t\t\t\n\t\t>\t<hr style=\"border-top-width:2px; border-top-color:rgba(36,204,242,1); border-style: solid; width: 100%;  margin-top: 0;\"><\/div><\/div><\/div><\/div><\/div><\/div><div id=\"pg-3342-1\"  class=\"panel-grid panel-has-style\" ><div class=\"divider-no-animation tablet-default mobile-default desktop-default custom panel-row-style panel-row-style-for-3342-1\" ><div id=\"pgc-3342-1-0\"  class=\"panel-grid-cell\" ><div id=\"panel-3342-1-0-0\" class=\"so-panel widget widget_sow-editor panel-first-child\" data-index=\"2\" ><div class=\"orion custom default panel-widget-style panel-widget-style-for-3342-1-0-0\" ><div\n\t\t\t\n\t\t\tclass=\"so-widget-sow-editor so-widget-sow-editor-base\"\n\t\t\t\n\t\t>\n<div class=\"siteorigin-widget-tinymce textwidget\">\n\t<h6><span style=\"font-weight: 400;\"><br \/>\n<\/span><span style=\"font-weight: 400;\"><br \/>\n<\/span><span style=\"font-weight: 400; color: #000000;\">En la evaluaci\u00f3n inicial indagan en su historial m\u00e9dico, h\u00e1bitos alimentarios, actividad f\u00edsica y objetivo personales<\/span><\/h6>\n<h6><span style=\"font-weight: 400; color: #000000;\">Luego se realiza una evaluaci\u00f3n antropom\u00e9trica para definir tu estado nutricional, es decir, cuanto porcentaje de grasa y m\u00fasculo tienes y complementar tu objetivo para mejorar dichos par\u00e1metros.<\/span><\/h6>\n<p>&nbsp;<\/p>\n<h6><span style=\"font-weight: 400; color: #000000;\">Una vez recopilada toda la informaci\u00f3n, se realiza una retroalimentaci\u00f3n de c\u00f3mo podr\u00edas mejorar tu alimentaci\u00f3n y se entrega una pauta nutricional personalizada, que adem\u00e1s incluye material complementario como una sugerencia de lista de supermercado, como leer etiquetado nutricional y una lista de alimentos con sus respectivas porciones.<\/span><\/h6>\n<p>&nbsp;<\/p>\n<h6><span style=\"font-weight: 400; color: #000000;\">Tendr\u00e1s seguimiento y apoyo v\u00eda WhatsApp durante todo el tiempo que dure tu proceso.<\/span><\/h6>\n<p>&nbsp;<\/p>\n<h6><span style=\"font-weight: 400; color: #000000;\">Algunas de las motivos por las que se suele visitar a un nutricionista son:<\/span><\/h6>\n<p>&nbsp;<\/p>\n<ul>\n<li style=\"font-weight: 400;\" aria-level=\"1\">\n<h6><span style=\"font-weight: 400; color: #000000;\">Sobrepeso u obesidad.<\/span><\/h6>\n<\/li>\n<li style=\"font-weight: 400;\" aria-level=\"1\">\n<h6><span style=\"font-weight: 400; color: #000000;\">Enfermedades metab\u00f3licas como diabetes, hipertensi\u00f3n, dislipidemia.<\/span><\/h6>\n<\/li>\n<li style=\"font-weight: 400;\" aria-level=\"1\">\n<h6><span style=\"font-weight: 400; color: #000000;\">Falta de energ\u00eda.<\/span><\/h6>\n<\/li>\n<li style=\"font-weight: 400;\" aria-level=\"1\">\n<h6><span style=\"font-weight: 400; color: #000000;\">\u2060Mejorar el rendimiento deportivo.<\/span><\/h6>\n<\/li>\n<li style=\"font-weight: 400;\" aria-level=\"1\">\n<h6><span style=\"font-weight: 400; color: #000000;\">\u2060Aumento de Masa muscular.<\/span><\/h6>\n<\/li>\n<li style=\"font-weight: 400;\" aria-level=\"1\">\n<h6><span style=\"font-weight: 400; color: #000000;\">D\u00e9ficit de nutrientes.<\/span><\/h6>\n<\/li>\n<li style=\"font-weight: 400;\" aria-level=\"1\">\n<h6><span style=\"font-weight: 400; color: #000000;\">\u2060Intolerancias o alergias alimentarias.<\/span><\/h6>\n<\/li>\n<\/ul>\n<\/div>\n<\/div><\/div><\/div><div id=\"panel-3342-1-0-1\" class=\"so-panel widget widget_orion_empty_space_w panel-last-child\" data-index=\"3\" ><div class=\"orion custom default panel-widget-style panel-widget-style-for-3342-1-0-1\" ><div\n\t\t\t\n\t\t\tclass=\"so-widget-orion_empty_space_w so-widget-orion_empty_space_w-base\"\n\t\t\t\n\t\t>\t<div class=\"row empty-space visible-lg visible-md visible-sm visible-xs\" style=\"height:19px;\">\r\n\t<\/div><\/div><\/div><\/div><\/div><\/div><\/div><div id=\"pg-3342-2\"  class=\"panel-grid panel-has-style\" ><div class=\"divider-no-animation tablet-default mobile-default desktop-default custom panel-row-style panel-row-style-for-3342-2\" ><div id=\"pgc-3342-2-0\"  class=\"panel-grid-cell\" ><div id=\"panel-3342-2-0-0\" class=\"so-panel widget widget_sow-image panel-first-child panel-last-child\" data-index=\"4\" ><div class=\"orion custom default panel-widget-style panel-widget-style-for-3342-2-0-0\" ><div\n\t\t\t\n\t\t\tclass=\"so-widget-sow-image so-widget-sow-image-default-c67d20f9f743-3342\"\n\t\t\t\n\t\t>\n<div class=\"sow-image-container\">\n\t\t<img \n\tsrc=\"https:\/\/axialkine.com\/inicio\/wp-content\/uploads\/2025\/10\/nutricion.jpg\" width=\"768\" height=\"402\" srcset=\"https:\/\/axialkine.com\/inicio\/wp-content\/uploads\/2025\/10\/nutricion.jpg 768w, https:\/\/axialkine.com\/inicio\/wp-content\/uploads\/2025\/10\/nutricion-300x157.jpg 300w, https:\/\/axialkine.com\/inicio\/wp-content\/uploads\/2025\/10\/nutricion-750x393.jpg 750w\" sizes=\"(max-width: 768px) 100vw, 768px\" title=\"nutrici\u00f3n\" alt=\"\" \t\tclass=\"so-widget-image\"\/>\n\t<\/div>\n\n<\/div><\/div><\/div><\/div><\/div><\/div><div id=\"pg-3342-3\"  class=\"panel-grid panel-has-style\" ><div class=\"divider-no-animation tablet-default mobile-default desktop-default custom panel-row-style panel-row-style-for-3342-3\" ><div id=\"pgc-3342-3-0\"  class=\"panel-grid-cell\" ><div id=\"panel-3342-3-0-0\" class=\"so-panel widget widget_orion_empty_space_w panel-first-child\" data-index=\"5\" ><div class=\"orion custom default panel-widget-style panel-widget-style-for-3342-3-0-0\" ><div\n\t\t\t\n\t\t\tclass=\"so-widget-orion_empty_space_w so-widget-orion_empty_space_w-base\"\n\t\t\t\n\t\t>\t<div class=\"row empty-space visible-lg visible-md visible-sm visible-xs\" style=\"height:141px;\">\r\n\t<\/div><\/div><\/div><\/div><div id=\"panel-3342-3-0-1\" class=\"so-panel widget widget_orion_button_w panel-last-child\" data-index=\"6\" ><div class=\"orion custom default panel-widget-style panel-widget-style-for-3342-3-0-1\" ><div\n\t\t\t\n\t\t\tclass=\"so-widget-orion_button_w so-widget-orion_button_w-base\"\n\t\t\t\n\t\t>\t<div class=\"wrapper block\" style=\"text-align:center\">\r\n\r\n\t\t\t<a class=\"btn btn-c1 btn-flat btn-md\"  href=\"https:\/\/api.whatsapp.com\/send?phone=56999151507&#038;text=Hola,%20Escribo%20para%20Solicitar%20Evaluaci%C3%B3n%20y%20saber%20un%20poco%20mas%20del%20proceso\"\r\n\t\t\t   \t\t>\r\n\t\t\tSolicitar Evaluaci\u00f3n\t\t\r\n\t\t<\/a>\r\n\t\r\n<\/div>\r\n<\/div><\/div><\/div><\/div><\/div><\/div><\/div>","protected":false},"excerpt":{"rendered":"<p>En la evaluaci\u00f3n inicial indagan en su historial m\u00e9dico, h\u00e1bitos alimentarios, actividad f\u00edsica y objetivo personales Luego se realiza una evaluaci\u00f3n antropom\u00e9trica para definir tu estado nutricional, es decir, cuanto porcentaje de grasa y m\u00fasculo tienes y complementar tu objetivo para mejorar dichos par\u00e1metros. &nbsp; Una vez recopilada toda la informaci\u00f3n, se realiza una retroalimentaci\u00f3n<\/p>\n","protected":false},"author":1,"featured_media":0,"parent":0,"menu_order":0,"comment_status":"closed","ping_status":"closed","template":"","meta":{"footnotes":""},"class_list":["post-3342","page","type-page","status-publish","hentry"],"_links":{"self":[{"href":"https:\/\/axialkine.com\/inicio\/wp-json\/wp\/v2\/pages\/3342","targetHints":{"allow":["GET"]}}],"collection":[{"href":"https:\/\/axialkine.com\/inicio\/wp-json\/wp\/v2\/pages"}],"about":[{"href":"https:\/\/axialkine.com\/inicio\/wp-json\/wp\/v2\/types\/page"}],"author":[{"embeddable":true,"href":"https:\/\/axialkine.com\/inicio\/wp-json\/wp\/v2\/users\/1"}],"replies":[{"embeddable":true,"href":"https:\/\/axialkine.com\/inicio\/wp-json\/wp\/v2\/comments?post=3342"}],"version-history":[{"count":8,"href":"https:\/\/axialkine.com\/inicio\/wp-json\/wp\/v2\/pages\/3342\/revisions"}],"predecessor-version":[{"id":3443,"href":"https:\/\/axialkine.com\/inicio\/wp-json\/wp\/v2\/pages\/3342\/revisions\/3443"}],"wp:attachment":[{"href":"https:\/\/axialkine.com\/inicio\/wp-json\/wp\/v2\/media?parent=3342"}],"curies":[{"name":"wp","href":"https:\/\/api.w.org\/{rel}","templated":true}]}}