{"id":3359,"date":"2025-10-03T01:17:23","date_gmt":"2025-10-03T01:17:23","guid":{"rendered":"https:\/\/axialkine.com\/inicio\/?page_id=3359"},"modified":"2025-10-07T17:33:37","modified_gmt":"2025-10-07T17:33:37","slug":"infiltracion","status":"publish","type":"page","link":"https:\/\/axialkine.com\/inicio\/infiltracion\/","title":{"rendered":"infiltraci\u00f3n Esteroidea"},"content":{"rendered":"<div id=\"pl-3359\"  class=\"panel-layout\" ><div id=\"pg-3359-0\"  class=\"panel-grid panel-has-style\" ><div class=\"divider-no-animation tablet-default mobile-default desktop-default custom panel-row-style panel-row-style-for-3359-0\" ><div id=\"pgc-3359-0-0\"  class=\"panel-grid-cell\" ><div id=\"panel-3359-0-0-0\" class=\"so-panel widget widget_orion_heading_w panel-first-child panel-last-child\" data-index=\"0\" ><div class=\"orion custom mobile-text-center default panel-widget-style panel-widget-style-for-3359-0-0-0\" ><div\n\t\t\t\n\t\t\tclass=\"so-widget-orion_heading_w so-widget-orion_heading_w-base\"\n\t\t\t\n\t\t> \r\n\t\t\t<div class=\"row orion-heading\" style=\"margin-bottom:0px;\">\r\n\t\t<div class=\"col-md-12   text-left style-h1 style-text-default\">\r\n\t\t\t<h1 class=\"text-default\">\r\n\t\t\t\tInfiltraci\u00f3n Esteroidea\t\t\t<\/h1>\r\n\t\t<\/div>\r\n\t<\/div>\r\n\r\n\t<\/div><\/div><\/div><\/div><\/div><\/div><div id=\"pg-3359-1\"  class=\"panel-grid panel-has-style\" ><div class=\"divider-no-animation tablet-default mobile-default desktop-default custom panel-row-style panel-row-style-for-3359-1\" ><div id=\"pgc-3359-1-0\"  class=\"panel-grid-cell\" ><div id=\"panel-3359-1-0-0\" class=\"so-panel widget widget_orion_empty_space_w panel-first-child\" data-index=\"1\" ><div class=\"orion custom default panel-widget-style panel-widget-style-for-3359-1-0-0\" ><div\n\t\t\t\n\t\t\tclass=\"so-widget-orion_empty_space_w so-widget-orion_empty_space_w-base\"\n\t\t\t\n\t\t>\t<div class=\"row empty-space visible-lg visible-md visible-sm visible-xs\" style=\"height:60px;\">\r\n\t<\/div><\/div><\/div><\/div><div id=\"panel-3359-1-0-1\" class=\"so-panel widget widget_sow-editor\" data-index=\"2\" ><div class=\"orion custom default panel-widget-style panel-widget-style-for-3359-1-0-1\" ><div\n\t\t\t\n\t\t\tclass=\"so-widget-sow-editor so-widget-sow-editor-base\"\n\t\t\t\n\t\t>\n<div class=\"siteorigin-widget-tinymce textwidget\">\n\t<h6><span style=\"font-weight: 400; color: #000000;\">Una infiltraci\u00f3n de esteroides, o inyecci\u00f3n de corticosteroides, es un tratamiento m\u00e9dico que consiste en inyectar un medicamento antiinflamatorio directamente en una zona espec\u00edfica del cuerpo, como una articulaci\u00f3n, un tend\u00f3n o una bursa, para reducir el dolor y la hinchaz\u00f3n.<\/span><\/h6>\n<h6><span style=\"font-weight: 400; color: #000000;\">Se utiliza para tratar afecciones inflamatorias y dolorosas como la artritis, tendinitis, bursitis y otras lesiones.<\/span><\/h6>\n<h6><\/h6>\n<h6><span style=\"font-weight: 400; color: #000000;\">Los corticosteroides son antiinflamatorios potentes que act\u00faan localmente en el tejido donde se inyectan, imitando las hormonas naturales del cuerpo y reduciendo la inflamaci\u00f3n y el dolor.<\/span><\/h6>\n<h6><span style=\"font-weight: 400; color: #000000;\">Se puede aplicar una peque\u00f1a dosis de anestesia local para minimizar el dolor, para luego administrar el medicamento corticoide mediante una aguja fina directamente en la zona afectada.<\/span><\/h6>\n<h6><\/h6>\n<h6><span style=\"font-weight: 400; color: #000000;\">Puede venir con orden de derivaci\u00f3n, pero no es un requisito excluyente.\u00a0<\/span><\/h6>\n<h6><\/h6>\n<p>&nbsp;<\/p>\n<h6><span style=\"color: #000000;\"><strong>Para poder realizar un tratamiento de Infiltraci\u00f3n se requiere:\u00a0<\/strong><\/span><\/h6>\n<ul>\n<li style=\"font-weight: 400;\" aria-level=\"1\">\n<h6><span style=\"font-weight: 400; color: #000000;\">Traer a su cita Dacam o Cidoten ampolla.<\/span><\/h6>\n<\/li>\n<\/ul>\n<h6><\/h6>\n<h6><span style=\"color: #000000;\"><strong>Infiltraciones que realizamos:<\/strong><\/span><\/h6>\n<ul>\n<li style=\"font-weight: 400;\" aria-level=\"1\">\n<h6><span style=\"font-weight: 400; color: #000000;\">Infiltraci\u00f3n esteroidea articular (hombro, codo, rodilla) .<\/span><\/h6>\n<\/li>\n<li style=\"font-weight: 400;\" aria-level=\"1\">\n<h6><span style=\"font-weight: 400; color: #000000;\">Infiltraci\u00f3n fascia plantar.<\/span><\/h6>\n<\/li>\n<li style=\"font-weight: 400;\" aria-level=\"1\">\n<h6><span style=\"font-weight: 400; color: #000000;\">Infiltraci\u00f3n de columna.<\/span><\/h6>\n<\/li>\n<\/ul>\n<h6><\/h6>\n<h6 style=\"text-align: center;\"><strong><span style=\"color: #000000;\">El procedimiento es realizado por un m\u00e9dico especialista en Traumatolog\u00eda.<\/span><\/strong><\/h6>\n<h6><br style=\"font-weight: 400;\" \/><br style=\"font-weight: 400;\" \/><\/h6>\n<\/div>\n<\/div><\/div><\/div><div id=\"panel-3359-1-0-2\" class=\"so-panel widget widget_orion_empty_space_w panel-last-child\" data-index=\"3\" ><div class=\"orion custom default panel-widget-style panel-widget-style-for-3359-1-0-2\" ><div\n\t\t\t\n\t\t\tclass=\"so-widget-orion_empty_space_w so-widget-orion_empty_space_w-base\"\n\t\t\t\n\t\t>\t<div class=\"row empty-space visible-lg visible-md visible-sm visible-xs\" style=\"height:19px;\">\r\n\t<\/div><\/div><\/div><\/div><\/div><div id=\"pgc-3359-1-1\"  class=\"panel-grid-cell\" ><div id=\"panel-3359-1-1-0\" class=\"so-panel widget widget_sow-image panel-first-child panel-last-child\" data-index=\"4\" ><div class=\"orion custom default panel-widget-style panel-widget-style-for-3359-1-1-0\" ><div\n\t\t\t\n\t\t\tclass=\"so-widget-sow-image so-widget-sow-image-default-8b5b6f678277-3359\"\n\t\t\t\n\t\t>\n<div class=\"sow-image-container\">\n\t\t<img \n\tsrc=\"https:\/\/axialkine.com\/inicio\/wp-content\/uploads\/2025\/10\/20250911_181105-scaled-e1759454413423.jpg\" width=\"1441\" height=\"2560\" srcset=\"https:\/\/axialkine.com\/inicio\/wp-content\/uploads\/2025\/10\/20250911_181105-scaled-e1759454413423.jpg 1441w, https:\/\/axialkine.com\/inicio\/wp-content\/uploads\/2025\/10\/20250911_181105-scaled-e1759454413423-169x300.jpg 169w, https:\/\/axialkine.com\/inicio\/wp-content\/uploads\/2025\/10\/20250911_181105-scaled-e1759454413423-576x1024.jpg 576w, https:\/\/axialkine.com\/inicio\/wp-content\/uploads\/2025\/10\/20250911_181105-scaled-e1759454413423-768x1364.jpg 768w, https:\/\/axialkine.com\/inicio\/wp-content\/uploads\/2025\/10\/20250911_181105-scaled-e1759454413423-865x1536.jpg 865w, https:\/\/axialkine.com\/inicio\/wp-content\/uploads\/2025\/10\/20250911_181105-scaled-e1759454413423-1153x2048.jpg 1153w, https:\/\/axialkine.com\/inicio\/wp-content\/uploads\/2025\/10\/20250911_181105-scaled-e1759454413423-750x1332.jpg 750w\" sizes=\"(max-width: 1441px) 100vw, 1441px\" title=\"20250911_181105\" alt=\"\" \t\tclass=\"so-widget-image\"\/>\n\t<\/div>\n\n<\/div><\/div><\/div><\/div><\/div><\/div><div id=\"pg-3359-2\"  class=\"panel-grid panel-has-style\" ><div class=\"divider-no-animation tablet-default mobile-default desktop-default custom panel-row-style panel-row-style-for-3359-2\" ><div id=\"pgc-3359-2-0\"  class=\"panel-grid-cell\" ><div id=\"panel-3359-2-0-0\" class=\"so-panel widget widget_orion_empty_space_w panel-first-child\" data-index=\"5\" ><div class=\"orion custom default panel-widget-style panel-widget-style-for-3359-2-0-0\" ><div\n\t\t\t\n\t\t\tclass=\"so-widget-orion_empty_space_w so-widget-orion_empty_space_w-base\"\n\t\t\t\n\t\t>\t<div class=\"row empty-space visible-lg visible-md visible-sm visible-xs\" style=\"height:141px;\">\r\n\t<\/div><\/div><\/div><\/div><div id=\"panel-3359-2-0-1\" class=\"so-panel widget widget_orion_button_w panel-last-child\" data-index=\"6\" ><div class=\"orion custom default panel-widget-style panel-widget-style-for-3359-2-0-1\" ><div\n\t\t\t\n\t\t\tclass=\"so-widget-orion_button_w so-widget-orion_button_w-base\"\n\t\t\t\n\t\t>\t<div class=\"wrapper block\" style=\"text-align:center\">\r\n\r\n\t\t\t<a class=\"btn btn-c1 btn-flat btn-md\"  href=\"https:\/\/api.whatsapp.com\/send?phone=56999151507&#038;text=Hola,%20Escribo%20para%20Solicitar%20Evaluaci%C3%B3n%20y%20saber%20un%20poco%20mas%20del%20proceso\"\r\n\t\t\t   \t\t>\r\n\t\t\tSolicitar Evaluaci\u00f3n\t\t\r\n\t\t<\/a>\r\n\t\r\n<\/div>\r\n<\/div><\/div><\/div><\/div><\/div><\/div><\/div>","protected":false},"excerpt":{"rendered":"<p>Una infiltraci\u00f3n de esteroides, o inyecci\u00f3n de corticosteroides, es un tratamiento m\u00e9dico que consiste en inyectar un medicamento antiinflamatorio directamente en una zona espec\u00edfica del cuerpo, como una articulaci\u00f3n, un tend\u00f3n o una bursa, para reducir el dolor y la hinchaz\u00f3n. Se utiliza para tratar afecciones inflamatorias y dolorosas como la artritis, tendinitis, bursitis y<\/p>\n","protected":false},"author":1,"featured_media":0,"parent":0,"menu_order":0,"comment_status":"closed","ping_status":"closed","template":"","meta":{"footnotes":""},"class_list":["post-3359","page","type-page","status-publish","hentry"],"_links":{"self":[{"href":"https:\/\/axialkine.com\/inicio\/wp-json\/wp\/v2\/pages\/3359","targetHints":{"allow":["GET"]}}],"collection":[{"href":"https:\/\/axialkine.com\/inicio\/wp-json\/wp\/v2\/pages"}],"about":[{"href":"https:\/\/axialkine.com\/inicio\/wp-json\/wp\/v2\/types\/page"}],"author":[{"embeddable":true,"href":"https:\/\/axialkine.com\/inicio\/wp-json\/wp\/v2\/users\/1"}],"replies":[{"embeddable":true,"href":"https:\/\/axialkine.com\/inicio\/wp-json\/wp\/v2\/comments?post=3359"}],"version-history":[{"count":9,"href":"https:\/\/axialkine.com\/inicio\/wp-json\/wp\/v2\/pages\/3359\/revisions"}],"predecessor-version":[{"id":3446,"href":"https:\/\/axialkine.com\/inicio\/wp-json\/wp\/v2\/pages\/3359\/revisions\/3446"}],"wp:attachment":[{"href":"https:\/\/axialkine.com\/inicio\/wp-json\/wp\/v2\/media?parent=3359"}],"curies":[{"name":"wp","href":"https:\/\/api.w.org\/{rel}","templated":true}]}}