{"id":3366,"date":"2025-10-03T01:23:05","date_gmt":"2025-10-03T01:23:05","guid":{"rendered":"https:\/\/axialkine.com\/inicio\/?page_id=3366"},"modified":"2025-10-07T17:34:32","modified_gmt":"2025-10-07T17:34:32","slug":"viscosuplementacion-con-acido-hialuronico","status":"publish","type":"page","link":"https:\/\/axialkine.com\/inicio\/viscosuplementacion-con-acido-hialuronico\/","title":{"rendered":"Viscosuplementaci\u00f3n con \u00c1cido Hialur\u00f3nico"},"content":{"rendered":"<div id=\"pl-3366\"  class=\"panel-layout\" ><div id=\"pg-3366-0\"  class=\"panel-grid panel-has-style\" ><div class=\"divider-no-animation tablet-default mobile-default desktop-default custom panel-row-style panel-row-style-for-3366-0\" ><div id=\"pgc-3366-0-0\"  class=\"panel-grid-cell\" ><div id=\"panel-3366-0-0-0\" class=\"so-panel widget widget_orion_heading_w panel-first-child panel-last-child\" data-index=\"0\" ><div class=\"orion custom mobile-text-center default panel-widget-style panel-widget-style-for-3366-0-0-0\" ><div\n\t\t\t\n\t\t\tclass=\"so-widget-orion_heading_w so-widget-orion_heading_w-base\"\n\t\t\t\n\t\t> \r\n\t\t\t<div class=\"row orion-heading\" style=\"margin-bottom:0px;\">\r\n\t\t<div class=\"col-md-12   text-left style-h5 style-text-default\">\r\n\t\t\t<h5 class=\"text-default\">\r\n\t\t\t\tVISCOSUPLEMENTACI\u00d3N CON \u00c1CIDO HIALUR\u00d3NICO\t\t\t<\/h5>\r\n\t\t<\/div>\r\n\t<\/div>\r\n\r\n\t<\/div><\/div><\/div><\/div><\/div><\/div><div id=\"pg-3366-1\"  class=\"panel-grid panel-has-style\" ><div class=\"divider-no-animation tablet-default mobile-default desktop-default custom panel-row-style panel-row-style-for-3366-1\" ><div id=\"pgc-3366-1-0\"  class=\"panel-grid-cell\" ><div id=\"panel-3366-1-0-0\" class=\"so-panel widget widget_orion_empty_space_w panel-first-child\" data-index=\"1\" ><div class=\"orion custom default panel-widget-style panel-widget-style-for-3366-1-0-0\" ><div\n\t\t\t\n\t\t\tclass=\"so-widget-orion_empty_space_w so-widget-orion_empty_space_w-base\"\n\t\t\t\n\t\t>\t<div class=\"row empty-space visible-lg visible-md visible-sm visible-xs\" style=\"height:60px;\">\r\n\t<\/div><\/div><\/div><\/div><div id=\"panel-3366-1-0-1\" class=\"so-panel widget widget_sow-editor\" data-index=\"2\" ><div class=\"orion custom default panel-widget-style panel-widget-style-for-3366-1-0-1\" ><div\n\t\t\t\n\t\t\tclass=\"so-widget-sow-editor so-widget-sow-editor-base\"\n\t\t\t\n\t\t>\n<div class=\"siteorigin-widget-tinymce textwidget\">\n\t<h6><span style=\"font-weight: 400; color: #000000;\">Es un procedimiento que consiste en la inyecci\u00f3n directa de \u00e1cido hialur\u00f3nico dentro de una articulaci\u00f3n para restaurar su lubricaci\u00f3n y amortiguaci\u00f3n, mejorar el movimiento y aliviar el dolor asociado a condiciones como la artrosis. Este tratamiento m\u00ednimamente invasivo ayuda a reponer el \u00e1cido hialur\u00f3nico natural que disminuye con el desgaste articular, actuando como un \"lubricante\" que protege el cart\u00edlago y reduce la fricci\u00f3n.<\/span><\/h6>\n<p>&nbsp;<\/p>\n<h6><\/h6>\n<h6><span style=\"font-weight: 400; color: #000000;\">Es un tratamiento eficaz para la artrosis de rodilla y otras articulaciones, como el hombro, tobillo y cadera. Es una alternativa menos invasiva a la cirug\u00eda, que busca mejorar la calidad de vida del paciente con dolor cr\u00f3nico.<\/span><\/h6>\n<h6><\/h6>\n<h6><\/h6>\n<h6><span style=\"font-weight: 400; color: #000000;\">Adem\u00e1s, tiene un bajo riesgo de efectos secundarios y se realiza de forma ambulatoria, sin necesidad de hospitalizaci\u00f3n.<\/span><\/h6>\n<p>&nbsp;<\/p>\n<h6><\/h6>\n<h6><\/h6>\n<h6><span style=\"color: #000000;\"><strong>La viscosuplementaci\u00f3n es especialmente \u00fatil en pacientes con:<\/strong><\/span><\/h6>\n<ul>\n<li style=\"font-weight: 400;\" aria-level=\"1\">\n<h6><span style=\"font-weight: 400; color: #000000;\">Artrosis leve a moderada (por ejemplo, de rodilla o cadera).<\/span><\/h6>\n<\/li>\n<li style=\"font-weight: 400;\" aria-level=\"1\">\n<h6><span style=\"font-weight: 400; color: #000000;\">Dolor persistente en articulaciones pese a tratamiento con analg\u00e9sicos o fisioterapia.<\/span><\/h6>\n<\/li>\n<li style=\"font-weight: 400;\" aria-level=\"1\">\n<h6><span style=\"font-weight: 400; color: #000000;\">Lesiones articulares con desgaste del cart\u00edlago.<\/span><\/h6>\n<\/li>\n<li style=\"font-weight: 400;\" aria-level=\"1\">\n<h6><span style=\"font-weight: 400; color: #000000;\">Personas activas que quieren evitar o postergar una cirug\u00eda de pr\u00f3tesis.<\/span><\/h6>\n<\/li>\n<\/ul>\n<h6><\/h6>\n<p>&nbsp;<\/p>\n<h6><span style=\"font-weight: 400; color: #000000;\">En general, los efectos pueden durar entre 6 a 12 meses. En algunos pacientes, una \u00fanica aplicaci\u00f3n al a\u00f1o es suficiente para mantener el dolor controlado y la movilidad adecuada.<\/span><\/h6>\n<h6><\/h6>\n<p>&nbsp;<\/p>\n<h6><span style=\"font-weight: 400; color: #000000;\">En muchos casos, puede reemplazar a la cirug\u00eda, especialmente cuando se trata de artrosis en etapas tempranas o moderadas. En otros casos, puede servir como una excelente herramienta para ganar tiempo, postergando una cirug\u00eda que podr\u00eda ser innecesaria si se combina con fisioterapia y control del peso corporal.<\/span><\/h6>\n<h6><\/h6>\n<p>&nbsp;<\/p>\n<h6><span style=\"color: #000000;\"><strong>Para poder realizar un tratamiento de Infiltraci\u00f3n se requiere:<\/strong><\/span><\/h6>\n<h6><span style=\"font-weight: 400; color: #000000;\">Traer a su cita el medicamento indicado en la receta m\u00e9dica (en ampolla).<\/span><\/h6>\n<h6><\/h6>\n<h6><span style=\"font-weight: 400; color: #000000;\">El procedimiento es realizado por un m\u00e9dico especialista en Traumatolog\u00eda.<\/span><\/h6>\n<p><br style=\"font-weight: 400;\" \/><br \/>\n&nbsp;<\/p>\n<\/div>\n<\/div><\/div><\/div><div id=\"panel-3366-1-0-2\" class=\"so-panel widget widget_orion_empty_space_w panel-last-child\" data-index=\"3\" ><div class=\"orion custom default panel-widget-style panel-widget-style-for-3366-1-0-2\" ><div\n\t\t\t\n\t\t\tclass=\"so-widget-orion_empty_space_w so-widget-orion_empty_space_w-base\"\n\t\t\t\n\t\t>\t<div class=\"row empty-space visible-lg visible-md visible-sm visible-xs\" style=\"height:19px;\">\r\n\t<\/div><\/div><\/div><\/div><\/div><\/div><\/div><div id=\"pg-3366-2\"  class=\"panel-grid panel-has-style\" ><div class=\"divider-no-animation tablet-default mobile-default desktop-default custom panel-row-style panel-row-style-for-3366-2\" ><div id=\"pgc-3366-2-0\"  class=\"panel-grid-cell\" ><div id=\"panel-3366-2-0-0\" class=\"so-panel widget widget_sow-image panel-first-child panel-last-child\" data-index=\"4\" ><div class=\"orion custom default panel-widget-style panel-widget-style-for-3366-2-0-0\" ><div\n\t\t\t\n\t\t\tclass=\"so-widget-sow-image so-widget-sow-image-default-8b5b6f678277-3366\"\n\t\t\t\n\t\t>\n<div class=\"sow-image-container\">\n\t\t<img \n\tsrc=\"https:\/\/axialkine.com\/inicio\/wp-content\/uploads\/2025\/10\/destacada-22-09-19-1024x684.jpg\" width=\"1024\" height=\"684\" srcset=\"https:\/\/axialkine.com\/inicio\/wp-content\/uploads\/2025\/10\/destacada-22-09-19-1024x684.jpg 1024w, https:\/\/axialkine.com\/inicio\/wp-content\/uploads\/2025\/10\/destacada-22-09-19-300x200.jpg 300w, https:\/\/axialkine.com\/inicio\/wp-content\/uploads\/2025\/10\/destacada-22-09-19-768x513.jpg 768w, https:\/\/axialkine.com\/inicio\/wp-content\/uploads\/2025\/10\/destacada-22-09-19-1536x1026.jpg 1536w, https:\/\/axialkine.com\/inicio\/wp-content\/uploads\/2025\/10\/destacada-22-09-19-750x501.jpg 750w, https:\/\/axialkine.com\/inicio\/wp-content\/uploads\/2025\/10\/destacada-22-09-19-272x182.jpg 272w, https:\/\/axialkine.com\/inicio\/wp-content\/uploads\/2025\/10\/destacada-22-09-19.jpg 1700w\" sizes=\"(max-width: 1024px) 100vw, 1024px\" alt=\"\" \t\tclass=\"so-widget-image\"\/>\n\t<\/div>\n\n<\/div><\/div><\/div><\/div><\/div><\/div><div id=\"pg-3366-3\"  class=\"panel-grid panel-has-style\" ><div class=\"divider-no-animation tablet-default mobile-default desktop-default custom panel-row-style panel-row-style-for-3366-3\" ><div id=\"pgc-3366-3-0\"  class=\"panel-grid-cell\" ><div id=\"panel-3366-3-0-0\" class=\"so-panel widget widget_orion_empty_space_w panel-first-child\" data-index=\"5\" ><div class=\"orion custom default panel-widget-style panel-widget-style-for-3366-3-0-0\" ><div\n\t\t\t\n\t\t\tclass=\"so-widget-orion_empty_space_w so-widget-orion_empty_space_w-base\"\n\t\t\t\n\t\t>\t<div class=\"row empty-space visible-lg visible-md visible-sm visible-xs\" style=\"height:141px;\">\r\n\t<\/div><\/div><\/div><\/div><div id=\"panel-3366-3-0-1\" class=\"so-panel widget widget_orion_button_w panel-last-child\" data-index=\"6\" ><div class=\"orion custom default panel-widget-style panel-widget-style-for-3366-3-0-1\" ><div\n\t\t\t\n\t\t\tclass=\"so-widget-orion_button_w so-widget-orion_button_w-base\"\n\t\t\t\n\t\t>\t<div class=\"wrapper block\" style=\"text-align:center\">\r\n\r\n\t\t\t<a class=\"btn btn-c1 btn-flat btn-md\"  href=\"https:\/\/api.whatsapp.com\/send?phone=56999151507&#038;text=Hola,%20Escribo%20para%20Solicitar%20Evaluaci%C3%B3n%20y%20saber%20un%20poco%20mas%20del%20proceso\"\r\n\t\t\t   \t\t>\r\n\t\t\tSolicitar Evaluaci\u00f3n\t\t\r\n\t\t<\/a>\r\n\t\r\n<\/div>\r\n<\/div><\/div><\/div><\/div><\/div><\/div><\/div>","protected":false},"excerpt":{"rendered":"<p>Es un procedimiento que consiste en la inyecci\u00f3n directa de \u00e1cido hialur\u00f3nico dentro de una articulaci\u00f3n para restaurar su lubricaci\u00f3n y amortiguaci\u00f3n, mejorar el movimiento y aliviar el dolor asociado a condiciones como la artrosis. Este tratamiento m\u00ednimamente invasivo ayuda a reponer el \u00e1cido hialur\u00f3nico natural que disminuye con el desgaste articular, actuando como un<\/p>\n","protected":false},"author":1,"featured_media":0,"parent":0,"menu_order":0,"comment_status":"closed","ping_status":"closed","template":"","meta":{"footnotes":""},"class_list":["post-3366","page","type-page","status-publish","hentry"],"_links":{"self":[{"href":"https:\/\/axialkine.com\/inicio\/wp-json\/wp\/v2\/pages\/3366","targetHints":{"allow":["GET"]}}],"collection":[{"href":"https:\/\/axialkine.com\/inicio\/wp-json\/wp\/v2\/pages"}],"about":[{"href":"https:\/\/axialkine.com\/inicio\/wp-json\/wp\/v2\/types\/page"}],"author":[{"embeddable":true,"href":"https:\/\/axialkine.com\/inicio\/wp-json\/wp\/v2\/users\/1"}],"replies":[{"embeddable":true,"href":"https:\/\/axialkine.com\/inicio\/wp-json\/wp\/v2\/comments?post=3366"}],"version-history":[{"count":7,"href":"https:\/\/axialkine.com\/inicio\/wp-json\/wp\/v2\/pages\/3366\/revisions"}],"predecessor-version":[{"id":3447,"href":"https:\/\/axialkine.com\/inicio\/wp-json\/wp\/v2\/pages\/3366\/revisions\/3447"}],"wp:attachment":[{"href":"https:\/\/axialkine.com\/inicio\/wp-json\/wp\/v2\/media?parent=3366"}],"curies":[{"name":"wp","href":"https:\/\/api.w.org\/{rel}","templated":true}]}}