{"id":3380,"date":"2025-10-03T01:34:46","date_gmt":"2025-10-03T01:34:46","guid":{"rendered":"https:\/\/axialkine.com\/inicio\/?page_id=3380"},"modified":"2025-10-07T17:36:21","modified_gmt":"2025-10-07T17:36:21","slug":"extraccion-de-liquido-articular","status":"publish","type":"page","link":"https:\/\/axialkine.com\/inicio\/extraccion-de-liquido-articular\/","title":{"rendered":"Extracci\u00f3n de l\u00edquido articular"},"content":{"rendered":"<div id=\"pl-3380\"  class=\"panel-layout\" ><div id=\"pg-3380-0\"  class=\"panel-grid panel-has-style\" ><div class=\"divider-no-animation tablet-default mobile-default desktop-default custom panel-row-style panel-row-style-for-3380-0\" ><div id=\"pgc-3380-0-0\"  class=\"panel-grid-cell\" ><div id=\"panel-3380-0-0-0\" class=\"so-panel widget widget_orion_heading_w panel-first-child panel-last-child\" data-index=\"0\" ><div class=\"orion custom default panel-widget-style panel-widget-style-for-3380-0-0-0\" ><div\n\t\t\t\n\t\t\tclass=\"so-widget-orion_heading_w so-widget-orion_heading_w-base\"\n\t\t\t\n\t\t> \r\n\t\t\t<div class=\"row orion-heading\" style=\"margin-bottom:0px;\">\r\n\t\t<div class=\"col-md-12   text-left style-h2 style-text-default\">\r\n\t\t\t<h2 class=\"text-default\">\r\n\t\t\t\tExtracci\u00f3n de l\u00edquido articular\t\t\t<\/h2>\r\n\t\t<\/div>\r\n\t<\/div>\r\n\r\n\t<\/div><\/div><\/div><\/div><\/div><\/div><div id=\"pg-3380-1\"  class=\"panel-grid panel-has-style\" ><div class=\"divider-no-animation tablet-default mobile-default desktop-default custom panel-row-style panel-row-style-for-3380-1\" ><div id=\"pgc-3380-1-0\"  class=\"panel-grid-cell\" ><div id=\"panel-3380-1-0-0\" class=\"so-panel widget widget_orion_empty_space_w panel-first-child\" data-index=\"1\" ><div class=\"orion custom default panel-widget-style panel-widget-style-for-3380-1-0-0\" ><div\n\t\t\t\n\t\t\tclass=\"so-widget-orion_empty_space_w so-widget-orion_empty_space_w-base\"\n\t\t\t\n\t\t>\t<div class=\"row empty-space visible-lg visible-md visible-sm visible-xs\" style=\"height:60px;\">\r\n\t<\/div><\/div><\/div><\/div><div id=\"panel-3380-1-0-1\" class=\"so-panel widget widget_sow-editor\" data-index=\"2\" ><div class=\"orion custom default panel-widget-style panel-widget-style-for-3380-1-0-1\" ><div\n\t\t\t\n\t\t\tclass=\"so-widget-sow-editor so-widget-sow-editor-base\"\n\t\t\t\n\t\t>\n<div class=\"siteorigin-widget-tinymce textwidget\">\n\t<h6><span style=\"font-weight: 400; color: #000000;\">La extracci\u00f3n de l\u00edquido articular se denomina artrocentesis o aspiraci\u00f3n articular, y es un procedimiento m\u00e9dico que consiste en extraer l\u00edquido sinovial de una articulaci\u00f3n mediante una aguja para su an\u00e1lisis diagn\u00f3stico o como tratamiento para aliviar la presi\u00f3n y el dolor.\u00a0<\/span><\/h6>\n<h6><\/h6>\n<p>&nbsp;<\/p>\n<h6><span style=\"font-weight: 400; color: #000000;\">Sus objetivos principales son aliviar el dolor y la inflamaci\u00f3n al drenar el exceso de l\u00edquido o derrame articular, y se puede realizar en varias articulaciones como lo son la rodilla, hombro, codo, cadera, tobillo y mu\u00f1eca.\u00a0<\/span><\/h6>\n<h6><\/h6>\n<p>&nbsp;<\/p>\n<ul>\n<li style=\"font-weight: 400;\" aria-level=\"1\">\n<h6><span style=\"font-weight: 400; color: #000000;\">Preparaci\u00f3n: Se desinfecta la piel sobre la articulaci\u00f3n y se aplica un anest\u00e9sico local para minimizar el dolor.\u00a0<\/span><\/h6>\n<\/li>\n<li style=\"font-weight: 400;\" aria-level=\"1\">\n<h6><span style=\"font-weight: 400; color: #000000;\">Aspiraci\u00f3n: Se inserta una aguja en la articulaci\u00f3n para extraer l\u00edquido sinovial con una jeringa.\u00a0<\/span><\/h6>\n<\/li>\n<li style=\"font-weight: 400;\" aria-level=\"1\">\n<h6><span style=\"font-weight: 400; color: #000000;\">Tratamiento (si es necesario): En algunos casos, se pueden inyectar medicamentos, como esteroides, en la misma punci\u00f3n.\u00a0<\/span><\/h6>\n<\/li>\n<li style=\"font-weight: 400;\" aria-level=\"1\">\n<h6><span style=\"font-weight: 400; color: #000000;\">Finalizaci\u00f3n: Se retira la aguja, se vuelve a desinfectar la zona y se coloca un ap\u00f3sito.<\/span><\/h6>\n<\/li>\n<\/ul>\n<p><img loading=\"lazy\" decoding=\"async\" class=\"size-medium wp-image-3387 aligncenter\" src=\"https:\/\/axialkine.com\/inicio\/wp-content\/uploads\/2025\/10\/20250911_181105-1-scaled-e1759456872275-300x289.jpg\" alt=\"\" width=\"300\" height=\"289\" srcset=\"https:\/\/axialkine.com\/inicio\/wp-content\/uploads\/2025\/10\/20250911_181105-1-scaled-e1759456872275-300x289.jpg 300w, https:\/\/axialkine.com\/inicio\/wp-content\/uploads\/2025\/10\/20250911_181105-1-scaled-e1759456872275-1024x988.jpg 1024w, https:\/\/axialkine.com\/inicio\/wp-content\/uploads\/2025\/10\/20250911_181105-1-scaled-e1759456872275-768x741.jpg 768w, https:\/\/axialkine.com\/inicio\/wp-content\/uploads\/2025\/10\/20250911_181105-1-scaled-e1759456872275-750x723.jpg 750w, https:\/\/axialkine.com\/inicio\/wp-content\/uploads\/2025\/10\/20250911_181105-1-scaled-e1759456872275.jpg 1441w\" sizes=\"auto, (max-width: 300px) 100vw, 300px\" \/><\/p>\n<p>&nbsp;<\/p>\n<p style=\"text-align: center;\"><span style=\"color: #000000;\"><strong>El procedimiento es realizado por un m\u00e9dico especialista en Traumatolog\u00eda.<\/strong><\/span><\/p>\n<p><br style=\"font-weight: 400;\" \/><br style=\"font-weight: 400;\" \/><\/p>\n<\/div>\n<\/div><\/div><\/div><div id=\"panel-3380-1-0-2\" class=\"so-panel widget widget_orion_empty_space_w panel-last-child\" data-index=\"3\" ><div class=\"orion custom default panel-widget-style panel-widget-style-for-3380-1-0-2\" ><div\n\t\t\t\n\t\t\tclass=\"so-widget-orion_empty_space_w so-widget-orion_empty_space_w-base\"\n\t\t\t\n\t\t>\t<div class=\"row empty-space visible-lg visible-md visible-sm visible-xs\" style=\"height:19px;\">\r\n\t<\/div><\/div><\/div><\/div><\/div><\/div><\/div><div id=\"pg-3380-2\"  class=\"panel-grid panel-has-style\" ><div class=\"divider-no-animation tablet-default mobile-default desktop-default custom panel-row-style panel-row-style-for-3380-2\" ><div id=\"pgc-3380-2-0\"  class=\"panel-grid-cell\" ><div id=\"panel-3380-2-0-0\" class=\"so-panel widget widget_orion_empty_space_w panel-first-child\" data-index=\"4\" ><div class=\"orion custom default panel-widget-style panel-widget-style-for-3380-2-0-0\" ><div\n\t\t\t\n\t\t\tclass=\"so-widget-orion_empty_space_w so-widget-orion_empty_space_w-base\"\n\t\t\t\n\t\t>\t<div class=\"row empty-space visible-lg visible-md visible-sm visible-xs\" style=\"height:61px;\">\r\n\t<\/div><\/div><\/div><\/div><div id=\"panel-3380-2-0-1\" class=\"so-panel widget widget_orion_button_w panel-last-child\" data-index=\"5\" ><div class=\"orion custom default panel-widget-style panel-widget-style-for-3380-2-0-1\" ><div\n\t\t\t\n\t\t\tclass=\"so-widget-orion_button_w so-widget-orion_button_w-base\"\n\t\t\t\n\t\t>\t<div class=\"wrapper block\" style=\"text-align:center\">\r\n\r\n\t\t\t<a class=\"btn btn-c1 btn-flat btn-md\"  href=\"https:\/\/api.whatsapp.com\/send?phone=56999151507&#038;text=Hola,%20Escribo%20para%20Solicitar%20Evaluaci%C3%B3n%20y%20saber%20un%20poco%20mas%20del%20proceso\"\r\n\t\t\t   \t\t>\r\n\t\t\tSolicitar Evaluaci\u00f3n\t\t\r\n\t\t<\/a>\r\n\t\r\n<\/div>\r\n<\/div><\/div><\/div><\/div><\/div><\/div><\/div>","protected":false},"excerpt":{"rendered":"<p>La extracci\u00f3n de l\u00edquido articular se denomina artrocentesis o aspiraci\u00f3n articular, y es un procedimiento m\u00e9dico que consiste en extraer l\u00edquido sinovial de una articulaci\u00f3n mediante una aguja para su an\u00e1lisis diagn\u00f3stico o como tratamiento para aliviar la presi\u00f3n y el dolor.\u00a0 &nbsp; Sus objetivos principales son aliviar el dolor y la inflamaci\u00f3n al drenar<\/p>\n","protected":false},"author":1,"featured_media":0,"parent":0,"menu_order":0,"comment_status":"closed","ping_status":"closed","template":"","meta":{"footnotes":""},"class_list":["post-3380","page","type-page","status-publish","hentry"],"_links":{"self":[{"href":"https:\/\/axialkine.com\/inicio\/wp-json\/wp\/v2\/pages\/3380","targetHints":{"allow":["GET"]}}],"collection":[{"href":"https:\/\/axialkine.com\/inicio\/wp-json\/wp\/v2\/pages"}],"about":[{"href":"https:\/\/axialkine.com\/inicio\/wp-json\/wp\/v2\/types\/page"}],"author":[{"embeddable":true,"href":"https:\/\/axialkine.com\/inicio\/wp-json\/wp\/v2\/users\/1"}],"replies":[{"embeddable":true,"href":"https:\/\/axialkine.com\/inicio\/wp-json\/wp\/v2\/comments?post=3380"}],"version-history":[{"count":6,"href":"https:\/\/axialkine.com\/inicio\/wp-json\/wp\/v2\/pages\/3380\/revisions"}],"predecessor-version":[{"id":3449,"href":"https:\/\/axialkine.com\/inicio\/wp-json\/wp\/v2\/pages\/3380\/revisions\/3449"}],"wp:attachment":[{"href":"https:\/\/axialkine.com\/inicio\/wp-json\/wp\/v2\/media?parent=3380"}],"curies":[{"name":"wp","href":"https:\/\/api.w.org\/{rel}","templated":true}]}}