{"id":3459,"date":"2025-11-27T19:24:39","date_gmt":"2025-11-27T19:24:39","guid":{"rendered":"https:\/\/axialkine.com\/inicio\/?page_id=3459"},"modified":"2025-11-27T19:30:07","modified_gmt":"2025-11-27T19:30:07","slug":"quienes-somos","status":"publish","type":"page","link":"https:\/\/axialkine.com\/inicio\/quienes-somos\/","title":{"rendered":"Quienes somos"},"content":{"rendered":"<div id=\"pl-3459\"  class=\"panel-layout\" ><div id=\"pg-3459-0\"  class=\"panel-grid panel-has-style\" ><div class=\"divider-no-animation tablet-default mobile-default desktop-default custom panel-row-style panel-row-style-for-3459-0\" ><div id=\"pgc-3459-0-0\"  class=\"panel-grid-cell\" ><div id=\"panel-3459-0-0-0\" class=\"so-panel widget widget_orion_heading_w panel-first-child\" data-index=\"0\" ><div class=\"orion custom default panel-widget-style panel-widget-style-for-3459-0-0-0\" ><div\n\t\t\t\n\t\t\tclass=\"so-widget-orion_heading_w so-widget-orion_heading_w-base\"\n\t\t\t\n\t\t> \r\n\t\t\t<div class=\"row orion-heading\" style=\"margin-bottom:0px;\">\r\n\t\t<div class=\"col-md-12  separator-style-1 text-center style-h2 style-text-default\">\r\n\t\t\t<h2 class=\"text-default\">\r\n\t\t\t\tQuienes somos\t\t\t<\/h2>\r\n\t\t<\/div>\r\n\t<\/div>\r\n\r\n\t<\/div><\/div><\/div><div id=\"panel-3459-0-0-1\" class=\"so-panel widget widget_orion_empty_space_w\" data-index=\"1\" ><div class=\"orion custom default panel-widget-style panel-widget-style-for-3459-0-0-1\" ><div\n\t\t\t\n\t\t\tclass=\"so-widget-orion_empty_space_w so-widget-orion_empty_space_w-base\"\n\t\t\t\n\t\t>\t<div class=\"row empty-space visible-lg visible-md visible-sm visible-xs\" style=\"height:50px;\">\r\n\t<\/div><\/div><\/div><\/div><div id=\"panel-3459-0-0-2\" class=\"so-panel widget widget_sow-editor panel-last-child\" data-index=\"2\" ><div class=\"orion custom default panel-widget-style panel-widget-style-for-3459-0-0-2\" ><div\n\t\t\t\n\t\t\tclass=\"so-widget-sow-editor so-widget-sow-editor-base\"\n\t\t\t\n\t\t>\n<div class=\"siteorigin-widget-tinymce textwidget\">\n\t<p><span style=\"font-weight: 400;\">Somos un equipo de profesionales, comprometidos con el bienestar de las personas y la resoluci\u00f3n de sus problemas de salud f\u00edsica. Trabajamos de forma personalizada y acorde a los requerimientos de cada caso en particular. Estamos en constante actualizaci\u00f3n de nuestros conocimientos y t\u00e9cnicas para poder brindar la soluci\u00f3n m\u00e1s efectiva y eficiente de tu dolencia o limitaci\u00f3n.<\/span><\/p>\n<p>&nbsp;<\/p>\n<p><span style=\"font-weight: 400;\">Estamos registrados en la Superintendencia de Salud como profesionales acreditados en cada una de nuestras \u00e1reas. Manejamos protocolos de seguridad para brindarte una atenci\u00f3n segura y libre de eventos adversos. Nuestro centro cuenta con los permisos correspondientes a la SEREMI de Salud para la atenci\u00f3n de nuestros procedimientos.<\/span><\/p>\n<p>&nbsp;<\/p>\n<p style=\"text-align: center;\"><b><i>\u00a1Reserva tu cita con la confianza que te garantiza un establecimiento acreditado!<\/i><\/b><\/p>\n<p><br style=\"font-weight: 400;\" \/><br style=\"font-weight: 400;\" \/><\/p>\n<\/div>\n<\/div><\/div><\/div><\/div><\/div><\/div><div id=\"pg-3459-1\"  class=\"panel-grid panel-has-style\" ><div class=\"divider-no-animation tablet-default mobile-default desktop-default custom panel-row-style panel-row-style-for-3459-1\" ><div id=\"pgc-3459-1-0\"  class=\"panel-grid-cell\" ><div id=\"panel-3459-1-0-0\" class=\"so-panel widget widget_orion_empty_space_w panel-first-child\" data-index=\"3\" ><div class=\"orion custom default panel-widget-style panel-widget-style-for-3459-1-0-0\" ><div\n\t\t\t\n\t\t\tclass=\"so-widget-orion_empty_space_w so-widget-orion_empty_space_w-base\"\n\t\t\t\n\t\t>\t<div class=\"row empty-space visible-lg visible-md visible-sm visible-xs\" style=\"height:60px;\">\r\n\t<\/div><\/div><\/div><\/div><div id=\"panel-3459-1-0-1\" class=\"so-panel widget widget_sow-image panel-last-child\" data-index=\"4\" ><div class=\"orion custom default panel-widget-style panel-widget-style-for-3459-1-0-1\" ><div\n\t\t\t\n\t\t\tclass=\"so-widget-sow-image so-widget-sow-image-default-8b5b6f678277-3459\"\n\t\t\t\n\t\t>\n<div class=\"sow-image-container\">\n\t\t<img \n\tsrc=\"https:\/\/axialkine.com\/inicio\/wp-content\/uploads\/2025\/11\/Screenshot-at-Nov-27-16-28-49.png\" width=\"545\" height=\"792\" srcset=\"https:\/\/axialkine.com\/inicio\/wp-content\/uploads\/2025\/11\/Screenshot-at-Nov-27-16-28-49.png 545w, https:\/\/axialkine.com\/inicio\/wp-content\/uploads\/2025\/11\/Screenshot-at-Nov-27-16-28-49-206x300.png 206w\" sizes=\"(max-width: 545px) 100vw, 545px\" title=\"Screenshot at Nov 27 16-28-49\" alt=\"\" \t\tclass=\"so-widget-image\"\/>\n\t<\/div>\n\n<\/div><\/div><\/div><\/div><div id=\"pgc-3459-1-1\"  class=\"panel-grid-cell\" ><div id=\"panel-3459-1-1-0\" class=\"so-panel widget widget_orion_empty_space_w panel-first-child\" data-index=\"5\" ><div class=\"orion custom default panel-widget-style panel-widget-style-for-3459-1-1-0\" ><div\n\t\t\t\n\t\t\tclass=\"so-widget-orion_empty_space_w so-widget-orion_empty_space_w-base\"\n\t\t\t\n\t\t>\t<div class=\"row empty-space visible-lg visible-md visible-sm visible-xs\" style=\"height:60px;\">\r\n\t<\/div><\/div><\/div><\/div><div id=\"panel-3459-1-1-1\" class=\"so-panel widget widget_sow-image panel-last-child\" data-index=\"6\" ><div class=\"orion custom default panel-widget-style panel-widget-style-for-3459-1-1-1\" ><div\n\t\t\t\n\t\t\tclass=\"so-widget-sow-image so-widget-sow-image-default-8b5b6f678277-3459\"\n\t\t\t\n\t\t>\n<div class=\"sow-image-container\">\n\t\t<img \n\tsrc=\"https:\/\/axialkine.com\/inicio\/wp-content\/uploads\/2025\/11\/Screenshot-at-Nov-27-16-29-09.png\" width=\"475\" height=\"788\" srcset=\"https:\/\/axialkine.com\/inicio\/wp-content\/uploads\/2025\/11\/Screenshot-at-Nov-27-16-29-09.png 475w, https:\/\/axialkine.com\/inicio\/wp-content\/uploads\/2025\/11\/Screenshot-at-Nov-27-16-29-09-181x300.png 181w\" sizes=\"(max-width: 475px) 100vw, 475px\" title=\"Screenshot at Nov 27 16-29-09\" alt=\"\" \t\tclass=\"so-widget-image\"\/>\n\t<\/div>\n\n<\/div><\/div><\/div><\/div><\/div><\/div><\/div>","protected":false},"excerpt":{"rendered":"<p>Somos un equipo de profesionales, comprometidos con el bienestar de las personas y la resoluci\u00f3n de sus problemas de salud f\u00edsica. Trabajamos de forma personalizada y acorde a los requerimientos de cada caso en particular. Estamos en constante actualizaci\u00f3n de nuestros conocimientos y t\u00e9cnicas para poder brindar la soluci\u00f3n m\u00e1s efectiva y eficiente de tu<\/p>\n","protected":false},"author":1,"featured_media":0,"parent":0,"menu_order":0,"comment_status":"closed","ping_status":"closed","template":"","meta":{"footnotes":""},"class_list":["post-3459","page","type-page","status-publish","hentry"],"_links":{"self":[{"href":"https:\/\/axialkine.com\/inicio\/wp-json\/wp\/v2\/pages\/3459","targetHints":{"allow":["GET"]}}],"collection":[{"href":"https:\/\/axialkine.com\/inicio\/wp-json\/wp\/v2\/pages"}],"about":[{"href":"https:\/\/axialkine.com\/inicio\/wp-json\/wp\/v2\/types\/page"}],"author":[{"embeddable":true,"href":"https:\/\/axialkine.com\/inicio\/wp-json\/wp\/v2\/users\/1"}],"replies":[{"embeddable":true,"href":"https:\/\/axialkine.com\/inicio\/wp-json\/wp\/v2\/comments?post=3459"}],"version-history":[{"count":4,"href":"https:\/\/axialkine.com\/inicio\/wp-json\/wp\/v2\/pages\/3459\/revisions"}],"predecessor-version":[{"id":3465,"href":"https:\/\/axialkine.com\/inicio\/wp-json\/wp\/v2\/pages\/3459\/revisions\/3465"}],"wp:attachment":[{"href":"https:\/\/axialkine.com\/inicio\/wp-json\/wp\/v2\/media?parent=3459"}],"curies":[{"name":"wp","href":"https:\/\/api.w.org\/{rel}","templated":true}]}}